{"id":9298,"date":"2023-11-20T10:39:05","date_gmt":"2023-11-20T09:39:05","guid":{"rendered":"http:\/\/www.jeanmoulinmarmande.fr\/?page_id=9298"},"modified":"2026-02-03T12:14:03","modified_gmt":"2026-02-03T11:14:03","slug":"mini-stages-et-jpo","status":"publish","type":"page","link":"https:\/\/www.jeanmoulinmarmande.fr\/?page_id=9298","title":{"rendered":"Mini-stages et JPO."},"content":{"rendered":"<h1><strong>Ann\u00e9e Scolaire<\/strong><strong> 2025-2026:<\/strong><\/h1>\n<p><strong>TOUTE DEMANDE DE MINI STAGE DOIT SE FAIRE PAR L\u2019INTERM\u00c9DIAIRE DU SECR\u00c9TARIAT DU COLL\u00c8GE<\/strong><\/p>\n<p>&#8212;&#8212;&#8212;&#8212;&#8212;&#8212;&#8212;&#8212;&#8212;&#8212;&#8212;&#8212;&#8212;&#8212;&#8212;&#8212;&#8212;&#8212;&#8212;&#8212;&#8212;&#8212;&#8212;&#8212;&#8212;&#8212;&#8212;&#8212;-<\/p>\n<h2><strong>R\u00e9capitulatif propos\u00e9 par le CIO&nbsp; 47:<\/strong><\/h2>\n<p><a href=\"http:\/\/www.jeanmoulinmarmande.fr\/wp-content\/uploads\/2026\/01\/Decouverte-et-mini-stages-EPLE-2025-2026-DEPARTEMENT-47-1.pdf\">http:\/\/www.jeanmoulinmarmande.fr\/wp-content\/uploads\/2026\/01\/Decouverte-et-mini-stages-EPLE-2025-2026-DEPARTEMENT-47-1.pdf<\/a><\/p>\n<p>&#8212;&#8212;&#8212;&#8212;&#8212;&#8212;&#8212;&#8212;&#8212;&#8212;&#8212;&#8212;&#8212;&#8212;&#8212;&#8212;&#8212;&#8212;&#8212;&#8212;&#8212;&#8212;&#8212;&#8212;&#8212;&#8212;&#8212;&#8212;-<\/p>\n<p><strong>Proposition MFR Sainte-Bazeille:&nbsp;<\/strong><\/p>\n<p><a href=\"http:\/\/www.jeanmoulinmarmande.fr\/wp-content\/uploads\/2026\/01\/AFFICHE-JPO-31_01_26.png\">http:\/\/www.jeanmoulinmarmande.fr\/wp-content\/uploads\/2026\/01\/AFFICHE-JPO-31_01_26.png<\/a><\/p>\n<p><a href=\"http:\/\/www.jeanmoulinmarmande.fr\/wp-content\/uploads\/2026\/01\/Presentation-generale-MFR-Ste-Bazeille.pdf\">http:\/\/www.jeanmoulinmarmande.fr\/wp-content\/uploads\/2026\/01\/Presentation-generale-MFR-Ste-Bazeille.pdf<\/a><\/p>\n<p>&nbsp;<\/p>\n<p><strong>Proposition du Lyc\u00e9e Jacques de Romas de N\u00e9rac :<\/strong><\/p>\n<p><a href=\"http:\/\/www.jeanmoulinmarmande.fr\/wp-content\/uploads\/2025\/12\/Decouverte-et-mini-stages-EPLE-2025-2026-LP-JACQUES-DE-ROMAS.pdf\">http:\/\/www.jeanmoulinmarmande.fr\/wp-content\/uploads\/2025\/12\/Decouverte-et-mini-stages-EPLE-2025-2026-LP-JACQUES-DE-ROMAS.pdf<\/a><\/p>\n<p><strong>Proposition JPO du lyc\u00e9e Jacques de Romas de N\u00e9rac:<\/strong><\/p>\n<p><a href=\"http:\/\/www.jeanmoulinmarmande.fr\/wp-content\/uploads\/2026\/02\/Affiche-modifiee_JPO_26_compressed-Copie.pdf\">http:\/\/www.jeanmoulinmarmande.fr\/wp-content\/uploads\/2026\/02\/Affiche-modifiee_JPO_26_compressed-Copie.pdf<\/a><\/p>\n<p>&nbsp;<\/p>\n<p><strong>Proposition du lyc\u00e9e Agricole de N\u00e9rac:<\/strong><\/p>\n<p><a href=\"http:\/\/www.jeanmoulinmarmande.fr\/wp-content\/uploads\/2025\/12\/NERAC-AGRI.pdf\">http:\/\/www.jeanmoulinmarmande.fr\/wp-content\/uploads\/2025\/12\/NERAC-AGRI.pdf<\/a><\/p>\n<p>&nbsp;<\/p>\n<p><strong>Proposition du lyc\u00e9e Lot et Bastides de Villeneuve-sur-Lot :<\/strong><\/p>\n<p><a href=\"http:\/\/www.jeanmoulinmarmande.fr\/wp-content\/uploads\/2025\/12\/villen.pdf\">http:\/\/www.jeanmoulinmarmande.fr\/wp-content\/uploads\/2025\/12\/villen.pdf<\/a><\/p>\n<p>&nbsp;<\/p>\n<p><strong>Proposition JPO du lyc\u00e9e d&rsquo;Aiguillon:<\/strong><\/p>\n<p><a href=\"http:\/\/www.jeanmoulinmarmande.fr\/wp-content\/uploads\/2025\/12\/Aiguillon.jpg\">http:\/\/www.jeanmoulinmarmande.fr\/wp-content\/uploads\/2025\/12\/Aiguillon.jpg<\/a><\/p>\n<p>&nbsp;<\/p>\n<p><strong>Proposition du Lyc\u00e9e Bernard Palissy \u00e0 Agen:<\/strong><\/p>\n<p><a href=\"http:\/\/www.jeanmoulinmarmande.fr\/wp-content\/uploads\/2026\/01\/affiche-jpo-lycee-28-mars-2026.pdf\">http:\/\/www.jeanmoulinmarmande.fr\/wp-content\/uploads\/2026\/01\/affiche-jpo-lycee-28-mars-2026.pdf<\/a><\/p>\n<p>&nbsp;<\/p>\n<p><strong>Proposition du campus de l&rsquo;Ermitage-Agen&nbsp;<\/strong><\/p>\n<p><a href=\"http:\/\/www.jeanmoulinmarmande.fr\/wp-content\/uploads\/2026\/01\/Tract-CAPa-et-BAC-PRO-rentree-2026-Campus-ERMITAGE.pdf\">http:\/\/www.jeanmoulinmarmande.fr\/wp-content\/uploads\/2026\/01\/Tract-CAPa-et-BAC-PRO-rentree-2026-Campus-ERMITAGE.pdf<\/a><\/p>\n<p>&nbsp;<\/p>\n<p><strong>Proposition de&nbsp; FPS \u2013 P\u00f4le de Sant\u00e9 du Villeneuvois<\/strong><\/p>\n<p><a href=\"http:\/\/www.jeanmoulinmarmande.fr\/wp-content\/uploads\/2026\/01\/Affiche-Portes-Ouvertes-IFPS-2026.jpg\">http:\/\/www.jeanmoulinmarmande.fr\/wp-content\/uploads\/2026\/01\/Affiche-Portes-Ouvertes-IFPS-2026.jpg<\/a><\/p>\n<p><strong>Proposition du lyc\u00e9e agricole Etienne Restat de Sainte Livrade:<\/strong><\/p>\n<p><a href=\"http:\/\/www.jeanmoulinmarmande.fr\/wp-content\/uploads\/2025\/12\/lormont.pdf\">http:\/\/www.jeanmoulinmarmande.fr\/wp-content\/uploads\/2025\/12\/lormont.pdf<\/a><\/p>\n<p>&nbsp;<\/p>\n<p><strong>Proposition du lyc\u00e9e des m\u00e9tiers Sud Gironde de Langon:<\/strong><\/p>\n<p><a href=\"http:\/\/www.jeanmoulinmarmande.fr\/wp-content\/uploads\/2025\/12\/langon.pdf\">http:\/\/www.jeanmoulinmarmande.fr\/wp-content\/uploads\/2025\/12\/langon.pdf<\/a><\/p>\n<p>&nbsp;<\/p>\n<p><strong>Proposition du Lyc\u00e9e Bertran de Born Bachibac:<\/strong><\/p>\n<p><a href=\"http:\/\/www.jeanmoulinmarmande.fr\/wp-content\/uploads\/2026\/01\/Presentation-Bachibac.pdf\">http:\/\/www.jeanmoulinmarmande.fr\/wp-content\/uploads\/2026\/01\/Presentation-Bachibac.pdf<\/a><\/p>\n<p>&nbsp;<\/p>\n<p><strong>Proposition du Lyc\u00e9e des m\u00e9tiers Sud P\u00e9rigord H\u00e9l\u00e8ne Duc:<\/strong><\/p>\n<p><a href=\"http:\/\/www.jeanmoulinmarmande.fr\/wp-content\/uploads\/2025\/12\/Flyer-Mini-Stage-1.pdf\">http:\/\/www.jeanmoulinmarmande.fr\/wp-content\/uploads\/2025\/12\/Flyer-Mini-Stage-1.pdf<\/a><\/p>\n<p>&nbsp;<\/p>\n<p><strong>Proposition du Lyc\u00e9e Jean Garnier de Morcenx:<\/strong><\/p>\n<p><a href=\"http:\/\/www.jeanmoulinmarmande.fr\/wp-content\/uploads\/2025\/12\/MORCENX.jpg\">http:\/\/www.jeanmoulinmarmande.fr\/wp-content\/uploads\/2025\/12\/MORCENX.jpg<\/a><\/p>\n<p><strong>Proposition du Lyc\u00e9e Magendie de Bordeaux:<\/strong><\/p>\n<p><a href=\"http:\/\/www.jeanmoulinmarmande.fr\/wp-content\/uploads\/2025\/12\/affiche-JPO-2026-1.pdf\">http:\/\/www.jeanmoulinmarmande.fr\/wp-content\/uploads\/2025\/12\/affiche-JPO-2026-1.pdf<\/a><\/p>\n<p><strong>Proposition du Lyc\u00e9e des m\u00e9tiers Jacques Brel de Lormont:<\/strong><\/p>\n<p><a href=\"http:\/\/www.jeanmoulinmarmande.fr\/wp-content\/uploads\/2025\/12\/lormont.pdf\">http:\/\/www.jeanmoulinmarmande.fr\/wp-content\/uploads\/2025\/12\/lormont.pdf<\/a><\/p>\n<p><strong>Proposition du Lyc\u00e9e Jehan Duperier de Saint M\u00e9dard en Jalles:<\/strong><\/p>\n<p><a href=\"http:\/\/www.jeanmoulinmarmande.fr\/wp-content\/uploads\/2025\/12\/jehan-duperier.jpg\">http:\/\/www.jeanmoulinmarmande.fr\/wp-content\/uploads\/2025\/12\/jehan-duperier.jpg<\/a><\/p>\n<p><strong>Proposition Lyc\u00e9e professionnel agricole a tour blanche de Bommes:<\/strong><\/p>\n<p><a href=\"http:\/\/www.jeanmoulinmarmande.fr\/wp-content\/uploads\/2025\/12\/FLYER-DECOUVERTE-LA-TOUR-BLANCHE_v-mail.pdf\">http:\/\/www.jeanmoulinmarmande.fr\/wp-content\/uploads\/2025\/12\/FLYER-DECOUVERTE-LA-TOUR-BLANCHE_v-mail.pdf<\/a><\/p>\n<p><strong>Proposition du Lyc\u00e9e Jean Tarnis de Peyrehorade:<\/strong><\/p>\n<p><a href=\"http:\/\/www.jeanmoulinmarmande.fr\/wp-content\/uploads\/2025\/12\/AFFICHE-PORTES-OUVERTES-2026.jpg\">http:\/\/www.jeanmoulinmarmande.fr\/wp-content\/uploads\/2025\/12\/AFFICHE-PORTES-OUVERTES-2026.jpg<\/a><\/p>\n<p><strong>Proposition du lyc\u00e9e Bertran de Born de Perigueux<\/strong><\/p>\n<p><a href=\"http:\/\/www.jeanmoulinmarmande.fr\/wp-content\/uploads\/2025\/12\/Bertran-de-born.jpg\">http:\/\/www.jeanmoulinmarmande.fr\/wp-content\/uploads\/2025\/12\/Bertran-de-born.jpg<\/a><\/p>\n","protected":false},"excerpt":{"rendered":"<p>Ann\u00e9e Scolaire 2025-2026: TOUTE DEMANDE DE MINI STAGE DOIT SE FAIRE PAR L\u2019INTERM\u00c9DIAIRE DU SECR\u00c9TARIAT DU COLL\u00c8GE &#8212;&#8212;&#8212;&#8212;&#8212;&#8212;&#8212;&#8212;&#8212;&#8212;&#8212;&#8212;&#8212;&#8212;&#8212;&#8212;&#8212;&#8212;&#8212;&#8212;&#8212;&#8212;&#8212;&#8212;&#8212;&#8212;&#8212;&#8212;- R\u00e9capitulatif propos\u00e9 par le CIO&nbsp; 47: http:\/\/www.jeanmoulinmarmande.fr\/wp-content\/uploads\/2026\/01\/Decouverte-et-mini-stages-EPLE-2025-2026-DEPARTEMENT-47-1.pdf &#8212;&#8212;&#8212;&#8212;&#8212;&#8212;&#8212;&#8212;&#8212;&#8212;&#8212;&#8212;&#8212;&#8212;&#8212;&#8212;&#8212;&#8212;&#8212;&#8212;&#8212;&#8212;&#8212;&#8212;&#8212;&#8212;&#8212;&#8212;- Proposition MFR Sainte-Bazeille:&nbsp; http:\/\/www.jeanmoulinmarmande.fr\/wp-content\/uploads\/2026\/01\/AFFICHE-JPO-31_01_26.png http:\/\/www.jeanmoulinmarmande.fr\/wp-content\/uploads\/2026\/01\/Presentation-generale-MFR-Ste-Bazeille.pdf &nbsp; Proposition du Lyc\u00e9e Jacques de Romas de N\u00e9rac : http:\/\/www.jeanmoulinmarmande.fr\/wp-content\/uploads\/2025\/12\/Decouverte-et-mini-stages-EPLE-2025-2026-LP-JACQUES-DE-ROMAS.pdf Proposition JPO du lyc\u00e9e Jacques de Romas de N\u00e9rac: http:\/\/www.jeanmoulinmarmande.fr\/wp-content\/uploads\/2026\/02\/Affiche-modifiee_JPO_26_compressed-Copie.pdf &nbsp; Proposition du &hellip; <a href=\"https:\/\/www.jeanmoulinmarmande.fr\/?page_id=9298\" class=\"more-link\">Continuer la lecture de <span class=\"screen-reader-text\">Mini-stages et JPO.<\/span>  <span class=\"meta-nav\">&rarr;<\/span><\/a><\/p>\n","protected":false},"author":83,"featured_media":0,"parent":0,"menu_order":0,"comment_status":"closed","ping_status":"closed","template":"","meta":{"ngg_post_thumbnail":0,"footnotes":""},"class_list":["post-9298","page","type-page","status-publish","hentry"],"_links":{"self":[{"href":"https:\/\/www.jeanmoulinmarmande.fr\/index.php?rest_route=\/wp\/v2\/pages\/9298","targetHints":{"allow":["GET"]}}],"collection":[{"href":"https:\/\/www.jeanmoulinmarmande.fr\/index.php?rest_route=\/wp\/v2\/pages"}],"about":[{"href":"https:\/\/www.jeanmoulinmarmande.fr\/index.php?rest_route=\/wp\/v2\/types\/page"}],"author":[{"embeddable":true,"href":"https:\/\/www.jeanmoulinmarmande.fr\/index.php?rest_route=\/wp\/v2\/users\/83"}],"replies":[{"embeddable":true,"href":"https:\/\/www.jeanmoulinmarmande.fr\/index.php?rest_route=%2Fwp%2Fv2%2Fcomments&post=9298"}],"version-history":[{"count":109,"href":"https:\/\/www.jeanmoulinmarmande.fr\/index.php?rest_route=\/wp\/v2\/pages\/9298\/revisions"}],"predecessor-version":[{"id":10115,"href":"https:\/\/www.jeanmoulinmarmande.fr\/index.php?rest_route=\/wp\/v2\/pages\/9298\/revisions\/10115"}],"wp:attachment":[{"href":"https:\/\/www.jeanmoulinmarmande.fr\/index.php?rest_route=%2Fwp%2Fv2%2Fmedia&parent=9298"}],"curies":[{"name":"wp","href":"https:\/\/api.w.org\/{rel}","templated":true}]}}