{"id":9116,"date":"2023-05-04T15:20:21","date_gmt":"2023-05-04T13:20:21","guid":{"rendered":"http:\/\/www.jeanmoulinmarmande.fr\/?page_id=9116"},"modified":"2023-05-04T15:32:05","modified_gmt":"2023-05-04T13:32:05","slug":"conseils-et-aides","status":"publish","type":"page","link":"https:\/\/www.jeanmoulinmarmande.fr\/?page_id=9116","title":{"rendered":"Conseils et aides"},"content":{"rendered":"<p>Mme LETZELTER, Psychologue de l&rsquo;Education Nationale, re\u00e7oit sur rdv pour conseiller les \u00e9l\u00e8ves sur leur orientation.<\/p>\n<p>Les rdv se prennent aupr\u00e8s de la Vie Scolaire.<\/p>\n<p><strong>Lien vers le Padlet du CIO de Marmande<\/strong><\/p>\n<p><a href=\"https:\/\/padlet.com\/psyenmarm\/je-pr-pare-mon-orientation-apr-s-la-3-me-9rja0s4t4zra\">https:\/\/padlet.com\/psyenmarm\/je-pr-pare-mon-orientation-apr-s-la-3-me-9rja0s4t4zra<\/a><\/p>\n","protected":false},"excerpt":{"rendered":"<p>Mme LETZELTER, Psychologue de l&rsquo;Education Nationale, re\u00e7oit sur rdv pour conseiller les \u00e9l\u00e8ves sur leur orientation. Les rdv se prennent aupr\u00e8s de la Vie Scolaire. Lien vers le Padlet du CIO de Marmande https:\/\/padlet.com\/psyenmarm\/je-pr-pare-mon-orientation-apr-s-la-3-me-9rja0s4t4zra<\/p>\n","protected":false},"author":83,"featured_media":0,"parent":0,"menu_order":0,"comment_status":"closed","ping_status":"closed","template":"","meta":{"ngg_post_thumbnail":0,"footnotes":""},"class_list":["post-9116","page","type-page","status-publish","hentry"],"_links":{"self":[{"href":"https:\/\/www.jeanmoulinmarmande.fr\/index.php?rest_route=\/wp\/v2\/pages\/9116","targetHints":{"allow":["GET"]}}],"collection":[{"href":"https:\/\/www.jeanmoulinmarmande.fr\/index.php?rest_route=\/wp\/v2\/pages"}],"about":[{"href":"https:\/\/www.jeanmoulinmarmande.fr\/index.php?rest_route=\/wp\/v2\/types\/page"}],"author":[{"embeddable":true,"href":"https:\/\/www.jeanmoulinmarmande.fr\/index.php?rest_route=\/wp\/v2\/users\/83"}],"replies":[{"embeddable":true,"href":"https:\/\/www.jeanmoulinmarmande.fr\/index.php?rest_route=%2Fwp%2Fv2%2Fcomments&post=9116"}],"version-history":[{"count":3,"href":"https:\/\/www.jeanmoulinmarmande.fr\/index.php?rest_route=\/wp\/v2\/pages\/9116\/revisions"}],"predecessor-version":[{"id":9127,"href":"https:\/\/www.jeanmoulinmarmande.fr\/index.php?rest_route=\/wp\/v2\/pages\/9116\/revisions\/9127"}],"wp:attachment":[{"href":"https:\/\/www.jeanmoulinmarmande.fr\/index.php?rest_route=%2Fwp%2Fv2%2Fmedia&parent=9116"}],"curies":[{"name":"wp","href":"https:\/\/api.w.org\/{rel}","templated":true}]}}