{"id":9115,"date":"2023-05-04T15:20:21","date_gmt":"2023-05-04T13:20:21","guid":{"rendered":"http:\/\/www.jeanmoulinmarmande.fr\/?page_id=9115"},"modified":"2023-06-15T16:34:42","modified_gmt":"2023-06-15T14:34:42","slug":"la-scolarite-au-lycee","status":"publish","type":"page","link":"https:\/\/www.jeanmoulinmarmande.fr\/?page_id=9115","title":{"rendered":"La scolarit\u00e9 au lyc\u00e9e"},"content":{"rendered":"<p><strong>La scolarit\u00e9 apr\u00e8s la 3\u00e8me<\/strong><\/p>\n<p><img loading=\"lazy\" decoding=\"async\" class=\"alignnone size-medium wp-image-9055\" src=\"http:\/\/www.jeanmoulinmarmande.fr\/wp-content\/uploads\/2023\/04\/scol_lycee-300x231.jpg\" alt=\"\" width=\"300\" height=\"231\" srcset=\"https:\/\/www.jeanmoulinmarmande.fr\/wp-content\/uploads\/2023\/04\/scol_lycee-300x231.jpg 300w, https:\/\/www.jeanmoulinmarmande.fr\/wp-content\/uploads\/2023\/04\/scol_lycee-150x115.jpg 150w, https:\/\/www.jeanmoulinmarmande.fr\/wp-content\/uploads\/2023\/04\/scol_lycee.jpg 732w\" sizes=\"auto, (max-width: 300px) 100vw, 300px\" \/><\/p>\n<p>Tous les d\u00e9tails en cliquant <a href=\"https:\/\/www.education.gouv.fr\/reussir-au-lycee\/que-faire-apres-la-troisieme-12506#:~:text=Apr%C3%A8s%20la%203e%2C%20l'%C3%A9l%C3%A8ve,%C3%A0%20r%C3%A9flechir%20%C3%A0%20leur%20orientation.\">ICI<\/a><\/p>\n<p><strong>Le nouveau lyc\u00e9e pro<\/strong><\/p>\n<a href=\"https:\/\/www.jeanmoulinmarmande.fr\/wp-content\/uploads\/2023\/06\/flyer-futur-lyc-ens-professionnels-155699_0.pdf\" class=\"pdfemb-viewer\" style=\"\" data-width=\"max\" data-height=\"max\" data-toolbar=\"bottom\" data-toolbar-fixed=\"on\">flyer-futur-lyc-ens-professionnels-155699_0<\/a>\n","protected":false},"excerpt":{"rendered":"<p>La scolarit\u00e9 apr\u00e8s la 3\u00e8me Tous les d\u00e9tails en cliquant ICI Le nouveau lyc\u00e9e pro<\/p>\n","protected":false},"author":83,"featured_media":0,"parent":0,"menu_order":0,"comment_status":"closed","ping_status":"closed","template":"","meta":{"ngg_post_thumbnail":0,"footnotes":""},"class_list":["post-9115","page","type-page","status-publish","hentry"],"_links":{"self":[{"href":"https:\/\/www.jeanmoulinmarmande.fr\/index.php?rest_route=\/wp\/v2\/pages\/9115","targetHints":{"allow":["GET"]}}],"collection":[{"href":"https:\/\/www.jeanmoulinmarmande.fr\/index.php?rest_route=\/wp\/v2\/pages"}],"about":[{"href":"https:\/\/www.jeanmoulinmarmande.fr\/index.php?rest_route=\/wp\/v2\/types\/page"}],"author":[{"embeddable":true,"href":"https:\/\/www.jeanmoulinmarmande.fr\/index.php?rest_route=\/wp\/v2\/users\/83"}],"replies":[{"embeddable":true,"href":"https:\/\/www.jeanmoulinmarmande.fr\/index.php?rest_route=%2Fwp%2Fv2%2Fcomments&post=9115"}],"version-history":[{"count":4,"href":"https:\/\/www.jeanmoulinmarmande.fr\/index.php?rest_route=\/wp\/v2\/pages\/9115\/revisions"}],"predecessor-version":[{"id":9195,"href":"https:\/\/www.jeanmoulinmarmande.fr\/index.php?rest_route=\/wp\/v2\/pages\/9115\/revisions\/9195"}],"wp:attachment":[{"href":"https:\/\/www.jeanmoulinmarmande.fr\/index.php?rest_route=%2Fwp%2Fv2%2Fmedia&parent=9115"}],"curies":[{"name":"wp","href":"https:\/\/api.w.org\/{rel}","templated":true}]}}