{"id":8959,"date":"2023-04-12T16:39:19","date_gmt":"2023-04-12T14:39:19","guid":{"rendered":"http:\/\/www.jeanmoulinmarmande.fr\/?page_id=8959"},"modified":"2023-04-12T16:39:19","modified_gmt":"2023-04-12T14:39:19","slug":"le-conseil-de-la-vie-collegienne","status":"publish","type":"page","link":"https:\/\/www.jeanmoulinmarmande.fr\/?page_id=8959","title":{"rendered":"Le Conseil de la Vie Coll\u00e9gienne"},"content":{"rendered":"<p>Un CVC se r\u00e9unit r\u00e9guli\u00e8rement au sein de l&rsquo;\u00e9tablissement.<\/p>\n<p>Pour en savoir +&nbsp;<a href=\"https:\/\/www.service-public.fr\/particuliers\/vosdroits\/F34426\">https:\/\/www.service-public.fr\/particuliers\/vosdroits\/F34426<\/a><\/p>\n","protected":false},"excerpt":{"rendered":"<p>Un CVC se r\u00e9unit r\u00e9guli\u00e8rement au sein de l&rsquo;\u00e9tablissement. Pour en savoir +&nbsp;https:\/\/www.service-public.fr\/particuliers\/vosdroits\/F34426<\/p>\n","protected":false},"author":83,"featured_media":0,"parent":0,"menu_order":0,"comment_status":"closed","ping_status":"closed","template":"","meta":{"ngg_post_thumbnail":0,"footnotes":""},"class_list":["post-8959","page","type-page","status-publish","hentry"],"_links":{"self":[{"href":"https:\/\/www.jeanmoulinmarmande.fr\/index.php?rest_route=\/wp\/v2\/pages\/8959","targetHints":{"allow":["GET"]}}],"collection":[{"href":"https:\/\/www.jeanmoulinmarmande.fr\/index.php?rest_route=\/wp\/v2\/pages"}],"about":[{"href":"https:\/\/www.jeanmoulinmarmande.fr\/index.php?rest_route=\/wp\/v2\/types\/page"}],"author":[{"embeddable":true,"href":"https:\/\/www.jeanmoulinmarmande.fr\/index.php?rest_route=\/wp\/v2\/users\/83"}],"replies":[{"embeddable":true,"href":"https:\/\/www.jeanmoulinmarmande.fr\/index.php?rest_route=%2Fwp%2Fv2%2Fcomments&post=8959"}],"version-history":[{"count":1,"href":"https:\/\/www.jeanmoulinmarmande.fr\/index.php?rest_route=\/wp\/v2\/pages\/8959\/revisions"}],"predecessor-version":[{"id":8987,"href":"https:\/\/www.jeanmoulinmarmande.fr\/index.php?rest_route=\/wp\/v2\/pages\/8959\/revisions\/8987"}],"wp:attachment":[{"href":"https:\/\/www.jeanmoulinmarmande.fr\/index.php?rest_route=%2Fwp%2Fv2%2Fmedia&parent=8959"}],"curies":[{"name":"wp","href":"https:\/\/api.w.org\/{rel}","templated":true}]}}