{"id":8954,"date":"2023-04-12T16:39:19","date_gmt":"2023-04-12T14:39:19","guid":{"rendered":"http:\/\/www.jeanmoulinmarmande.fr\/?page_id=8954"},"modified":"2025-12-12T11:37:38","modified_gmt":"2025-12-12T10:37:38","slug":"la-segpa","status":"publish","type":"page","link":"https:\/\/www.jeanmoulinmarmande.fr\/?page_id=8954","title":{"rendered":"La SEGPA"},"content":{"rendered":"<p>Le coll\u00e8ge Jean Moulin accueille 4 classes SEGPA de la 6\u00e8me \u00e0 la 3\u00e8me. Chaque ann\u00e9e, ce sont environ 60 \u00e9l\u00e8ves, accompagn\u00e9s par des professeurs sp\u00e9cialis\u00e9s, qui suivent ces enseignements adapt\u00e9s.<\/p>\n<h5><em>Qu&rsquo;est ce qu&rsquo;une SEGPA?<\/em><\/h5>\n<p><a href=\"https:\/\/www.service-public.fr\/particuliers\/vosdroits\/F32752\">https:\/\/www.service-public.fr\/particuliers\/vosdroits\/F32752<\/a><\/p>\n<h5><em>Comment soutenir la SEGPA ? &gt; <\/em>La Taxe d&rsquo;apprentissage&nbsp;<\/h5>\n<p>Toutes les entreprises&nbsp; peuvent choisir notre \u00e9tablissement scolaire pour verser une partie de la taxe d\u2019apprentissage et ainsi contribuer \u00e0 la formation des \u00e9l\u00e8ves de notre Section d\u2019Enseignement G\u00e9n\u00e9ral et Professionnel Adapt\u00e9.<\/p>\n<p>Les contributions permettent aux \u00e9l\u00e8ves d\u2019\u00e9voluer dans leur parcours gr\u00e2ce au financement de projets, de formations, de mat\u00e9riels p\u00e9dagogiques et d\u2019\u00e9quipements li\u00e9s \u00e0 la d\u00e9couverte professionnelle :<\/p>\n<ul>\n<li>Am\u00e9nagement et am\u00e9lioration des ateliers ;<br \/>\n&nbsp;<\/li>\n<li>Achat de mat\u00e9riel informatique, d\u2019outils en lien avec les m\u00e9tiers propos\u00e9s ;<br \/>\n&nbsp;<\/li>\n<li>Achat d\u2019instruments p\u00e9dagogiques (support de formation\u2026) ;<br \/>\n&nbsp;<\/li>\n<li>Mise \u00e0 disposition d\u2019intervenants sp\u00e9cialis\u00e9s (intervenants culturels, sportifs\u2026).<\/li>\n<\/ul>\n<h6><em>Comment faire ?<\/em><\/h6>\n<ul>\n<li>Rendez-vous sur la plateforme en ligne : <strong><a href=\"https:\/\/www.soltea.gouv.fr\/espace-public\/\">Connexion \u00e0 SOLT\u00e9A<\/a><\/strong><\/li>\n<li>Connectez-vous \u00e0 votre compte entreprise ;<\/li>\n<li>Recherchez les b\u00e9n\u00e9ficiaires via le moteur de recherche <strong>&gt; le code UAI du coll\u00e8ge Jean Moulin est 0470808Y<br \/>\n<\/strong><\/li>\n<li>Indiquez en % le montant global de votre soutien (plusieurs soutiens possibles)<\/li>\n<li>Validez votre choix<\/li>\n<\/ul>\n<p><em>Nos ateliers HAS et Habitat<\/em><\/p>\n<p><img loading=\"lazy\" decoding=\"async\" class=\"alignnone size-medium wp-image-9009\" src=\"http:\/\/www.jeanmoulinmarmande.fr\/wp-content\/uploads\/2023\/04\/Atelier-HAS-SEGPA-Copie-300x225.jpg\" alt=\"\" width=\"300\" height=\"225\" srcset=\"https:\/\/www.jeanmoulinmarmande.fr\/wp-content\/uploads\/2023\/04\/Atelier-HAS-SEGPA-Copie-300x225.jpg 300w, https:\/\/www.jeanmoulinmarmande.fr\/wp-content\/uploads\/2023\/04\/Atelier-HAS-SEGPA-Copie-150x113.jpg 150w, https:\/\/www.jeanmoulinmarmande.fr\/wp-content\/uploads\/2023\/04\/Atelier-HAS-SEGPA-Copie-768x576.jpg 768w, https:\/\/www.jeanmoulinmarmande.fr\/wp-content\/uploads\/2023\/04\/Atelier-HAS-SEGPA-Copie.jpg 1024w\" sizes=\"auto, (max-width: 300px) 100vw, 300px\" \/> <img loading=\"lazy\" decoding=\"async\" class=\"size-medium wp-image-9008 alignright\" src=\"http:\/\/www.jeanmoulinmarmande.fr\/wp-content\/uploads\/2023\/04\/Atelier-habitat-SEGPA-Copie-300x225.jpg\" alt=\"\" width=\"300\" height=\"225\" srcset=\"https:\/\/www.jeanmoulinmarmande.fr\/wp-content\/uploads\/2023\/04\/Atelier-habitat-SEGPA-Copie-300x225.jpg 300w, https:\/\/www.jeanmoulinmarmande.fr\/wp-content\/uploads\/2023\/04\/Atelier-habitat-SEGPA-Copie-1024x768.jpg 1024w, https:\/\/www.jeanmoulinmarmande.fr\/wp-content\/uploads\/2023\/04\/Atelier-habitat-SEGPA-Copie-150x113.jpg 150w, https:\/\/www.jeanmoulinmarmande.fr\/wp-content\/uploads\/2023\/04\/Atelier-habitat-SEGPA-Copie-768x576.jpg 768w, https:\/\/www.jeanmoulinmarmande.fr\/wp-content\/uploads\/2023\/04\/Atelier-habitat-SEGPA-Copie-1536x1152.jpg 1536w, https:\/\/www.jeanmoulinmarmande.fr\/wp-content\/uploads\/2023\/04\/Atelier-habitat-SEGPA-Copie.jpg 1600w\" sizes=\"auto, (max-width: 300px) 100vw, 300px\" \/><\/p>\n<p>&nbsp;<\/p>\n<p>&nbsp;<\/p>\n","protected":false},"excerpt":{"rendered":"<p>Le coll\u00e8ge Jean Moulin accueille 4 classes SEGPA de la 6\u00e8me \u00e0 la 3\u00e8me. Chaque ann\u00e9e, ce sont environ 60 \u00e9l\u00e8ves, accompagn\u00e9s par des professeurs sp\u00e9cialis\u00e9s, qui suivent ces enseignements adapt\u00e9s. Qu&rsquo;est ce qu&rsquo;une SEGPA? https:\/\/www.service-public.fr\/particuliers\/vosdroits\/F32752 Comment soutenir la SEGPA ? &gt; La Taxe d&rsquo;apprentissage&nbsp; Toutes les entreprises&nbsp; peuvent choisir notre \u00e9tablissement scolaire pour verser &hellip; <a href=\"https:\/\/www.jeanmoulinmarmande.fr\/?page_id=8954\" class=\"more-link\">Continuer la lecture de <span class=\"screen-reader-text\">La SEGPA<\/span>  <span class=\"meta-nav\">&rarr;<\/span><\/a><\/p>\n","protected":false},"author":83,"featured_media":0,"parent":0,"menu_order":0,"comment_status":"closed","ping_status":"closed","template":"","meta":{"ngg_post_thumbnail":0,"footnotes":""},"class_list":["post-8954","page","type-page","status-publish","hentry"],"_links":{"self":[{"href":"https:\/\/www.jeanmoulinmarmande.fr\/index.php?rest_route=\/wp\/v2\/pages\/8954","targetHints":{"allow":["GET"]}}],"collection":[{"href":"https:\/\/www.jeanmoulinmarmande.fr\/index.php?rest_route=\/wp\/v2\/pages"}],"about":[{"href":"https:\/\/www.jeanmoulinmarmande.fr\/index.php?rest_route=\/wp\/v2\/types\/page"}],"author":[{"embeddable":true,"href":"https:\/\/www.jeanmoulinmarmande.fr\/index.php?rest_route=\/wp\/v2\/users\/83"}],"replies":[{"embeddable":true,"href":"https:\/\/www.jeanmoulinmarmande.fr\/index.php?rest_route=%2Fwp%2Fv2%2Fcomments&post=8954"}],"version-history":[{"count":5,"href":"https:\/\/www.jeanmoulinmarmande.fr\/index.php?rest_route=\/wp\/v2\/pages\/8954\/revisions"}],"predecessor-version":[{"id":9927,"href":"https:\/\/www.jeanmoulinmarmande.fr\/index.php?rest_route=\/wp\/v2\/pages\/8954\/revisions\/9927"}],"wp:attachment":[{"href":"https:\/\/www.jeanmoulinmarmande.fr\/index.php?rest_route=%2Fwp%2Fv2%2Fmedia&parent=8954"}],"curies":[{"name":"wp","href":"https:\/\/api.w.org\/{rel}","templated":true}]}}