{"id":8952,"date":"2023-04-12T16:39:19","date_gmt":"2023-04-12T14:39:19","guid":{"rendered":"http:\/\/www.jeanmoulinmarmande.fr\/?page_id=8952"},"modified":"2025-12-15T13:30:43","modified_gmt":"2025-12-15T12:30:43","slug":"les-options-a-jean-moulin","status":"publish","type":"page","link":"https:\/\/www.jeanmoulinmarmande.fr\/?page_id=8952","title":{"rendered":"Les options \u00e0 Jean Moulin"},"content":{"rendered":"<p><em>Les options propos\u00e9es \u00e0 Jean Moulin :<\/em><\/p>\n<ul>\n<li>Latin<\/li>\n<li>Occitan<\/li>\n<li>Golf<\/li>\n<li>Th\u00e9\u00e2tre<\/li>\n<\/ul>\n","protected":false},"excerpt":{"rendered":"<p>Les options propos\u00e9es \u00e0 Jean Moulin : Latin Occitan Golf Th\u00e9\u00e2tre<\/p>\n","protected":false},"author":83,"featured_media":0,"parent":0,"menu_order":0,"comment_status":"closed","ping_status":"closed","template":"","meta":{"ngg_post_thumbnail":0,"footnotes":""},"class_list":["post-8952","page","type-page","status-publish","hentry"],"_links":{"self":[{"href":"https:\/\/www.jeanmoulinmarmande.fr\/index.php?rest_route=\/wp\/v2\/pages\/8952","targetHints":{"allow":["GET"]}}],"collection":[{"href":"https:\/\/www.jeanmoulinmarmande.fr\/index.php?rest_route=\/wp\/v2\/pages"}],"about":[{"href":"https:\/\/www.jeanmoulinmarmande.fr\/index.php?rest_route=\/wp\/v2\/types\/page"}],"author":[{"embeddable":true,"href":"https:\/\/www.jeanmoulinmarmande.fr\/index.php?rest_route=\/wp\/v2\/users\/83"}],"replies":[{"embeddable":true,"href":"https:\/\/www.jeanmoulinmarmande.fr\/index.php?rest_route=%2Fwp%2Fv2%2Fcomments&post=8952"}],"version-history":[{"count":5,"href":"https:\/\/www.jeanmoulinmarmande.fr\/index.php?rest_route=\/wp\/v2\/pages\/8952\/revisions"}],"predecessor-version":[{"id":9928,"href":"https:\/\/www.jeanmoulinmarmande.fr\/index.php?rest_route=\/wp\/v2\/pages\/8952\/revisions\/9928"}],"wp:attachment":[{"href":"https:\/\/www.jeanmoulinmarmande.fr\/index.php?rest_route=%2Fwp%2Fv2%2Fmedia&parent=8952"}],"curies":[{"name":"wp","href":"https:\/\/api.w.org\/{rel}","templated":true}]}}