{"id":8925,"date":"2023-04-12T16:39:19","date_gmt":"2023-04-12T14:39:19","guid":{"rendered":"http:\/\/www.jeanmoulinmarmande.fr\/?page_id=8925"},"modified":"2023-04-12T16:44:19","modified_gmt":"2023-04-12T14:44:19","slug":"letablissement","status":"publish","type":"page","link":"https:\/\/www.jeanmoulinmarmande.fr\/?page_id=8925","title":{"rendered":"L&rsquo;ETABLISSEMENT"},"content":{"rendered":"<p><a href=\"http:\/\/www.jeanmoulinmarmande.fr\/?page_id=8948\">Le mot de la Principale<\/a><\/p>\n<p><a href=\"http:\/\/www.jeanmoulinmarmande.fr\/?page_id=8949\">La communaut\u00e9 \u00e9ducative<\/a><\/p>\n<p><a href=\"http:\/\/www.jeanmoulinmarmande.fr\/?page_id=8950\">Visite guid\u00e9e<\/a><\/p>\n","protected":false},"excerpt":{"rendered":"<p>Le mot de la Principale La communaut\u00e9 \u00e9ducative Visite guid\u00e9e<\/p>\n","protected":false},"author":83,"featured_media":0,"parent":0,"menu_order":0,"comment_status":"closed","ping_status":"closed","template":"","meta":{"ngg_post_thumbnail":0,"footnotes":""},"class_list":["post-8925","page","type-page","status-publish","hentry"],"_links":{"self":[{"href":"https:\/\/www.jeanmoulinmarmande.fr\/index.php?rest_route=\/wp\/v2\/pages\/8925","targetHints":{"allow":["GET"]}}],"collection":[{"href":"https:\/\/www.jeanmoulinmarmande.fr\/index.php?rest_route=\/wp\/v2\/pages"}],"about":[{"href":"https:\/\/www.jeanmoulinmarmande.fr\/index.php?rest_route=\/wp\/v2\/types\/page"}],"author":[{"embeddable":true,"href":"https:\/\/www.jeanmoulinmarmande.fr\/index.php?rest_route=\/wp\/v2\/users\/83"}],"replies":[{"embeddable":true,"href":"https:\/\/www.jeanmoulinmarmande.fr\/index.php?rest_route=%2Fwp%2Fv2%2Fcomments&post=8925"}],"version-history":[{"count":3,"href":"https:\/\/www.jeanmoulinmarmande.fr\/index.php?rest_route=\/wp\/v2\/pages\/8925\/revisions"}],"predecessor-version":[{"id":9037,"href":"https:\/\/www.jeanmoulinmarmande.fr\/index.php?rest_route=\/wp\/v2\/pages\/8925\/revisions\/9037"}],"wp:attachment":[{"href":"https:\/\/www.jeanmoulinmarmande.fr\/index.php?rest_route=%2Fwp%2Fv2%2Fmedia&parent=8925"}],"curies":[{"name":"wp","href":"https:\/\/api.w.org\/{rel}","templated":true}]}}