{"id":8153,"date":"2020-08-26T18:38:56","date_gmt":"2020-08-26T16:38:56","guid":{"rendered":"http:\/\/www.jeanmoulinmarmande.fr\/?page_id=8153"},"modified":"2025-12-12T11:33:09","modified_gmt":"2025-12-12T10:33:09","slug":"documents","status":"publish","type":"page","link":"https:\/\/www.jeanmoulinmarmande.fr\/?page_id=8153","title":{"rendered":"Documents"},"content":{"rendered":"<p>&nbsp;<\/p>\n<ul>\n<li><a href=\"https:\/\/www.education.gouv.fr\/non-au-harcelement\/phare-un-programme-de-lutte-contre-le-harcelement-l-ecole-323435#:~:text=Le%20programme%20pHARe%20est%20un,de%20personnels%20pour%20les%20%C3%A9l%C3%A8ves.\">La pr\u00e9vention du harc\u00e8lement : le programme pHARe<\/a><\/li>\n<\/ul>\n<p><em>L&rsquo; \u00e9tablissement est engag\u00e9 dans le programme pHARe, applique un protocole de gestion des situations de harc\u00e8lement\/cyberharc\u00e8lement et met en place des mesures de pr\u00e9vention.<\/em><\/p>\n<ul>\n<li>Les num\u00e9ros utiles<\/li>\n<\/ul>\n<p><img loading=\"lazy\" decoding=\"async\" class=\"alignnone size-medium wp-image-9132\" src=\"http:\/\/www.jeanmoulinmarmande.fr\/wp-content\/uploads\/2023\/05\/Numeros-d-aide-pour-les-enfants-victimes-de-violences_large-300x167.jpg\" alt=\"\" width=\"300\" height=\"167\" srcset=\"https:\/\/www.jeanmoulinmarmande.fr\/wp-content\/uploads\/2023\/05\/Numeros-d-aide-pour-les-enfants-victimes-de-violences_large-300x167.jpg 300w, https:\/\/www.jeanmoulinmarmande.fr\/wp-content\/uploads\/2023\/05\/Numeros-d-aide-pour-les-enfants-victimes-de-violences_large-150x84.jpg 150w, https:\/\/www.jeanmoulinmarmande.fr\/wp-content\/uploads\/2023\/05\/Numeros-d-aide-pour-les-enfants-victimes-de-violences_large.jpg 335w\" sizes=\"auto, (max-width: 300px) 100vw, 300px\" \/><\/p>\n<p>&nbsp;<\/p>\n<ul>\n<li><a href=\"http:\/\/www.jeanmoulinmarmande.fr\/wp-content\/uploads\/2020\/10\/La-laicite-a-lEcole.pdf\">La la\u00efcit\u00e9 \u00e0 l&rsquo;\u00e9cole<\/a><\/li>\n<\/ul>\n<p>&nbsp;<\/p>\n<ul>\n<li><a href=\"http:\/\/www.jeanmoulinmarmande.fr\/wp-content\/uploads\/2016\/09\/2016_securite_guide_college_parents_web_616224.pdf\">Guide de la s\u00e9curit\u00e9 au coll\u00e8ge pour les parents<\/a><\/li>\n<\/ul>\n","protected":false},"excerpt":{"rendered":"<p>&nbsp; La pr\u00e9vention du harc\u00e8lement : le programme pHARe L&rsquo; \u00e9tablissement est engag\u00e9 dans le programme pHARe, applique un protocole de gestion des situations de harc\u00e8lement\/cyberharc\u00e8lement et met en place des mesures de pr\u00e9vention. Les num\u00e9ros utiles &nbsp; La la\u00efcit\u00e9 \u00e0 l&rsquo;\u00e9cole &nbsp; Guide de la s\u00e9curit\u00e9 au coll\u00e8ge pour les parents<\/p>\n","protected":false},"author":84,"featured_media":0,"parent":0,"menu_order":0,"comment_status":"closed","ping_status":"closed","template":"","meta":{"ngg_post_thumbnail":0,"footnotes":""},"class_list":["post-8153","page","type-page","status-publish","hentry"],"_links":{"self":[{"href":"https:\/\/www.jeanmoulinmarmande.fr\/index.php?rest_route=\/wp\/v2\/pages\/8153","targetHints":{"allow":["GET"]}}],"collection":[{"href":"https:\/\/www.jeanmoulinmarmande.fr\/index.php?rest_route=\/wp\/v2\/pages"}],"about":[{"href":"https:\/\/www.jeanmoulinmarmande.fr\/index.php?rest_route=\/wp\/v2\/types\/page"}],"author":[{"embeddable":true,"href":"https:\/\/www.jeanmoulinmarmande.fr\/index.php?rest_route=\/wp\/v2\/users\/84"}],"replies":[{"embeddable":true,"href":"https:\/\/www.jeanmoulinmarmande.fr\/index.php?rest_route=%2Fwp%2Fv2%2Fcomments&post=8153"}],"version-history":[{"count":18,"href":"https:\/\/www.jeanmoulinmarmande.fr\/index.php?rest_route=\/wp\/v2\/pages\/8153\/revisions"}],"predecessor-version":[{"id":9923,"href":"https:\/\/www.jeanmoulinmarmande.fr\/index.php?rest_route=\/wp\/v2\/pages\/8153\/revisions\/9923"}],"wp:attachment":[{"href":"https:\/\/www.jeanmoulinmarmande.fr\/index.php?rest_route=%2Fwp%2Fv2%2Fmedia&parent=8153"}],"curies":[{"name":"wp","href":"https:\/\/api.w.org\/{rel}","templated":true}]}}